{"id":634,"date":"2024-01-12T13:30:58","date_gmt":"2024-01-12T19:30:58","guid":{"rendered":"https:\/\/lechenogracias.com\/liberum\/?page_id=634"},"modified":"2024-01-12T14:37:57","modified_gmt":"2024-01-12T20:37:57","slug":"bienvenidos","status":"publish","type":"page","link":"https:\/\/lechenogracias.com\/liberum\/es\/bienvenidos\/","title":{"rendered":"Bienvenidos a LIBERUM"},"content":{"rendered":"\t\t<div data-elementor-type=\"wp-page\" data-elementor-id=\"634\" class=\"elementor elementor-634\" data-elementor-post-type=\"page\">\n\t\t\t\t<div class=\"elementor-element elementor-element-9e3a0d0 e-flex e-con-boxed e-con e-parent\" data-id=\"9e3a0d0\" data-element_type=\"container\" data-settings=\"{&quot;background_background&quot;:&quot;classic&quot;}\" data-core-v316-plus=\"true\">\n\t\t\t\t\t<div class=\"e-con-inner\">\n\t\t\t\t<div class=\"elementor-element elementor-element-725a531 elementor-widget__width-initial elementor-widget elementor-widget-heading\" data-id=\"725a531\" data-element_type=\"widget\" data-widget_type=\"heading.default\">\n\t\t\t\t<div class=\"elementor-widget-container\">\n\t\t\t<style>\/*! elementor - v3.20.0 - 13-03-2024 *\/\n.elementor-heading-title{padding:0;margin:0;line-height:1}.elementor-widget-heading .elementor-heading-title[class*=elementor-size-]>a{color:inherit;font-size:inherit;line-height:inherit}.elementor-widget-heading .elementor-heading-title.elementor-size-small{font-size:15px}.elementor-widget-heading .elementor-heading-title.elementor-size-medium{font-size:19px}.elementor-widget-heading .elementor-heading-title.elementor-size-large{font-size:29px}.elementor-widget-heading .elementor-heading-title.elementor-size-xl{font-size:39px}.elementor-widget-heading .elementor-heading-title.elementor-size-xxl{font-size:59px}<\/style><h2 class=\"elementor-heading-title elementor-size-default\">SOMOS LIBERUM<\/h2>\t\t<\/div>\n\t\t\t\t<\/div>\n\t\t\t\t<div class=\"elementor-element elementor-element-f8ed8c2 elementor-widget__width-initial nmb elementor-widget elementor-widget-text-editor\" data-id=\"f8ed8c2\" data-element_type=\"widget\" data-widget_type=\"text-editor.default\">\n\t\t\t\t<div class=\"elementor-widget-container\">\n\t\t\t<style>\/*! elementor - v3.20.0 - 13-03-2024 *\/\n.elementor-widget-text-editor.elementor-drop-cap-view-stacked .elementor-drop-cap{background-color:#69727d;color:#fff}.elementor-widget-text-editor.elementor-drop-cap-view-framed .elementor-drop-cap{color:#69727d;border:3px solid;background-color:transparent}.elementor-widget-text-editor:not(.elementor-drop-cap-view-default) .elementor-drop-cap{margin-top:8px}.elementor-widget-text-editor:not(.elementor-drop-cap-view-default) .elementor-drop-cap-letter{width:1em;height:1em}.elementor-widget-text-editor .elementor-drop-cap{float:left;text-align:center;line-height:1;font-size:50px}.elementor-widget-text-editor .elementor-drop-cap-letter{display:inline-block}<\/style>\t\t\t\t<p>Trabajamos para acabar con la explotaci\u00f3n animal a trav\u00e9s del cambio social y pol\u00edtico.<\/p>\t\t\t\t\t\t<\/div>\n\t\t\t\t<\/div>\n\t\t\t\t\t<\/div>\n\t\t\t\t<\/div>\n\t\t<div class=\"elementor-element elementor-element-a305caf e-flex e-con-boxed e-con e-parent\" data-id=\"a305caf\" data-element_type=\"container\" data-settings=\"{&quot;background_background&quot;:&quot;classic&quot;}\" data-core-v316-plus=\"true\">\n\t\t\t\t\t<div class=\"e-con-inner\">\n\t\t\t\t<div class=\"elementor-element elementor-element-a65b124 nmb elementor-widget elementor-widget-text-editor\" data-id=\"a65b124\" data-element_type=\"widget\" data-widget_type=\"text-editor.default\">\n\t\t\t\t<div class=\"elementor-widget-container\">\n\t\t\t\t\t\t\t<p>Hacemos un debate p\u00fablico sobre la crueldad que esconde la industria l\u00e1ctea hacia los animales.<\/p>\t\t\t\t\t\t<\/div>\n\t\t\t\t<\/div>\n\t\t\t\t\t<\/div>\n\t\t\t\t<\/div>\n\t\t<div class=\"elementor-element elementor-element-3fb57a1 e-flex e-con-boxed e-con e-parent\" data-id=\"3fb57a1\" data-element_type=\"container\" data-settings=\"{&quot;background_background&quot;:&quot;slideshow&quot;,&quot;background_slideshow_gallery&quot;:[{&quot;id&quot;:174,&quot;url&quot;:&quot;https:\\\/\\\/lechenogracias.com\\\/liberum\\\/wp-content\\\/uploads\\\/2023\\\/12\\\/mariachi.jpeg&quot;},{&quot;id&quot;:173,&quot;url&quot;:&quot;https:\\\/\\\/lechenogracias.com\\\/liberum\\\/wp-content\\\/uploads\\\/2023\\\/12\\\/edificio-navidad.jpeg&quot;}],&quot;background_slideshow_slide_duration&quot;:3000,&quot;background_slideshow_loop&quot;:&quot;yes&quot;,&quot;background_slideshow_slide_transition&quot;:&quot;fade&quot;,&quot;background_slideshow_transition_duration&quot;:500}\" data-core-v316-plus=\"true\">\n\t\t\t\t\t<div class=\"e-con-inner\">\n\t\t\t\t\t<\/div>\n\t\t\t\t<\/div>\n\t\t<div class=\"elementor-element elementor-element-e5cc40f e-flex e-con-boxed e-con e-parent\" data-id=\"e5cc40f\" data-element_type=\"container\" data-core-v316-plus=\"true\">\n\t\t\t\t\t<div class=\"e-con-inner\">\n\t\t\t\t<div class=\"elementor-element elementor-element-316802e nmb elementor-widget elementor-widget-text-editor\" data-id=\"316802e\" data-element_type=\"widget\" data-widget_type=\"text-editor.default\">\n\t\t\t\t<div class=\"elementor-widget-container\">\n\t\t\t\t\t\t\t<p>Sensibilizamos a las generaciones futuras, para construir una cultura que reconozca los derechos de los animales.<\/p>\t\t\t\t\t\t<\/div>\n\t\t\t\t<\/div>\n\t\t\t\t\t<\/div>\n\t\t\t\t<\/div>\n\t\t<div class=\"elementor-element elementor-element-1d5b96c e-flex e-con-boxed e-con e-parent\" data-id=\"1d5b96c\" data-element_type=\"container\" data-core-v316-plus=\"true\">\n\t\t\t\t\t<div class=\"e-con-inner\">\n\t\t\t\t<div class=\"elementor-element elementor-element-b4a985c elementor-widget elementor-widget-image\" data-id=\"b4a985c\" data-element_type=\"widget\" data-widget_type=\"image.default\">\n\t\t\t\t<div class=\"elementor-widget-container\">\n\t\t\t<style>\/*! elementor - v3.20.0 - 13-03-2024 *\/\n.elementor-widget-image{text-align:center}.elementor-widget-image a{display:inline-block}.elementor-widget-image a img[src$=\".svg\"]{width:48px}.elementor-widget-image img{vertical-align:middle;display:inline-block}<\/style>\t\t\t\t\t\t\t\t\t\t<img fetchpriority=\"high\" decoding=\"async\" width=\"750\" height=\"430\" src=\"https:\/\/lechenogracias.com\/liberum\/wp-content\/uploads\/2023\/12\/vaca-roja.jpg\" class=\"attachment-large size-large wp-image-188\" alt=\"\" srcset=\"https:\/\/lechenogracias.com\/liberum\/wp-content\/uploads\/2023\/12\/vaca-roja.jpg 750w, https:\/\/lechenogracias.com\/liberum\/wp-content\/uploads\/2023\/12\/vaca-roja-300x172.jpg 300w\" sizes=\"(max-width: 750px) 100vw, 750px\" \/>\t\t\t\t\t\t\t\t\t\t\t\t\t<\/div>\n\t\t\t\t<\/div>\n\t\t\t\t<div class=\"elementor-element elementor-element-7d0251a elementor-widget elementor-widget-image\" data-id=\"7d0251a\" data-element_type=\"widget\" data-widget_type=\"image.default\">\n\t\t\t\t<div class=\"elementor-widget-container\">\n\t\t\t\t\t\t\t\t\t\t\t\t\t<img decoding=\"async\" width=\"750\" height=\"430\" src=\"https:\/\/lechenogracias.com\/liberum\/wp-content\/uploads\/2023\/12\/vaca-chabe.jpg\" class=\"attachment-large size-large wp-image-187\" alt=\"\" srcset=\"https:\/\/lechenogracias.com\/liberum\/wp-content\/uploads\/2023\/12\/vaca-chabe.jpg 750w, https:\/\/lechenogracias.com\/liberum\/wp-content\/uploads\/2023\/12\/vaca-chabe-300x172.jpg 300w\" sizes=\"(max-width: 750px) 100vw, 750px\" \/>\t\t\t\t\t\t\t\t\t\t\t\t\t<\/div>\n\t\t\t\t<\/div>\n\t\t\t\t\t<\/div>\n\t\t\t\t<\/div>\n\t\t<div class=\"elementor-element elementor-element-f88284c e-flex e-con-boxed e-con e-parent\" data-id=\"f88284c\" data-element_type=\"container\" data-core-v316-plus=\"true\">\n\t\t\t\t\t<div class=\"e-con-inner\">\n\t\t\t\t<div class=\"elementor-element elementor-element-b0fe255 nmb elementor-widget elementor-widget-text-editor\" data-id=\"b0fe255\" data-element_type=\"widget\" data-widget_type=\"text-editor.default\">\n\t\t\t\t<div class=\"elementor-widget-container\">\n\t\t\t\t\t\t\t<p>M\u00e9xico es un pa\u00eds lleno de color y cultura, trabajamos en pueblos m\u00e1gicos, con su gente y su cocina ancestral para crear platillos t\u00edpicos deliciosos.<\/p>\t\t\t\t\t\t<\/div>\n\t\t\t\t<\/div>\n\t\t\t\t\t<\/div>\n\t\t\t\t<\/div>\n\t\t<div class=\"elementor-element elementor-element-ebfdcd5 e-flex e-con-boxed e-con e-parent\" data-id=\"ebfdcd5\" data-element_type=\"container\" data-core-v316-plus=\"true\">\n\t\t\t\t\t<div class=\"e-con-inner\">\n\t\t\t\t<div class=\"elementor-element elementor-element-8344f33 elementor-widget elementor-widget-image\" data-id=\"8344f33\" data-element_type=\"widget\" data-widget_type=\"image.default\">\n\t\t\t\t<div class=\"elementor-widget-container\">\n\t\t\t\t\t\t\t\t\t\t\t\t\t<img decoding=\"async\" width=\"750\" height=\"430\" src=\"https:\/\/lechenogracias.com\/liberum\/wp-content\/uploads\/2023\/12\/mexico-full-of-color-1.jpg\" class=\"attachment-large size-large wp-image-201\" alt=\"\" srcset=\"https:\/\/lechenogracias.com\/liberum\/wp-content\/uploads\/2023\/12\/mexico-full-of-color-1.jpg 750w, https:\/\/lechenogracias.com\/liberum\/wp-content\/uploads\/2023\/12\/mexico-full-of-color-1-300x172.jpg 300w\" sizes=\"(max-width: 750px) 100vw, 750px\" \/>\t\t\t\t\t\t\t\t\t\t\t\t\t<\/div>\n\t\t\t\t<\/div>\n\t\t\t\t<div class=\"elementor-element elementor-element-c7e1e95 elementor-widget elementor-widget-image\" data-id=\"c7e1e95\" data-element_type=\"widget\" data-widget_type=\"image.default\">\n\t\t\t\t<div class=\"elementor-widget-container\">\n\t\t\t\t\t\t\t\t\t\t\t\t\t<img loading=\"lazy\" decoding=\"async\" width=\"750\" height=\"430\" src=\"https:\/\/lechenogracias.com\/liberum\/wp-content\/uploads\/2023\/12\/mexico-full-of-color-2.jpg\" class=\"attachment-large size-large wp-image-202\" alt=\"\" srcset=\"https:\/\/lechenogracias.com\/liberum\/wp-content\/uploads\/2023\/12\/mexico-full-of-color-2.jpg 750w, https:\/\/lechenogracias.com\/liberum\/wp-content\/uploads\/2023\/12\/mexico-full-of-color-2-300x172.jpg 300w\" sizes=\"(max-width: 750px) 100vw, 750px\" \/>\t\t\t\t\t\t\t\t\t\t\t\t\t<\/div>\n\t\t\t\t<\/div>\n\t\t\t\t\t<\/div>\n\t\t\t\t<\/div>\n\t\t<div class=\"elementor-element elementor-element-49eefc0 e-flex e-con-boxed e-con e-parent\" data-id=\"49eefc0\" data-element_type=\"container\" data-core-v316-plus=\"true\">\n\t\t\t\t\t<div class=\"e-con-inner\">\n\t\t\t\t<div class=\"elementor-element elementor-element-8a3d4a9 nmb elementor-widget elementor-widget-text-editor\" data-id=\"8a3d4a9\" data-element_type=\"widget\" data-widget_type=\"text-editor.default\">\n\t\t\t\t<div class=\"elementor-widget-container\">\n\t\t\t\t\t\t\t<p>Exponemos las injusticias y violencia que viven los pueblos originarios y los cerdos gracias a las macrogranjas.<\/p>\t\t\t\t\t\t<\/div>\n\t\t\t\t<\/div>\n\t\t\t\t\t<\/div>\n\t\t\t\t<\/div>\n\t\t<div class=\"elementor-element elementor-element-e1af499 e-flex e-con-boxed e-con e-parent\" data-id=\"e1af499\" data-element_type=\"container\" data-settings=\"{&quot;background_background&quot;:&quot;classic&quot;}\" data-core-v316-plus=\"true\">\n\t\t\t\t\t<div class=\"e-con-inner\">\n\t\t\t\t\t<\/div>\n\t\t\t\t<\/div>\n\t\t<div class=\"elementor-element elementor-element-59e94d5 e-flex e-con-boxed e-con e-parent\" data-id=\"59e94d5\" data-element_type=\"container\" data-core-v316-plus=\"true\">\n\t\t\t\t\t<div class=\"e-con-inner\">\n\t\t\t\t<div class=\"elementor-element elementor-element-45bad61 elementor-widget elementor-widget-heading\" data-id=\"45bad61\" data-element_type=\"widget\" data-widget_type=\"heading.default\">\n\t\t\t\t<div class=\"elementor-widget-container\">\n\t\t\t<h2 class=\"elementor-heading-title elementor-size-default\">Our Values<\/h2>\t\t<\/div>\n\t\t\t\t<\/div>\n\t\t<div class=\"elementor-element elementor-element-0a4b102 e-grid e-con-boxed e-con e-child\" data-id=\"0a4b102\" data-element_type=\"container\">\n\t\t\t\t\t<div class=\"e-con-inner\">\n\t\t<div class=\"elementor-element elementor-element-58a4f62 e-flex e-con-boxed e-con e-child\" data-id=\"58a4f62\" data-element_type=\"container\">\n\t\t\t\t\t<div class=\"e-con-inner\">\n\t\t\t\t<div class=\"elementor-element elementor-element-b2c09bc elementor-widget elementor-widget-text-editor\" data-id=\"b2c09bc\" data-element_type=\"widget\" data-widget_type=\"text-editor.default\">\n\t\t\t\t<div class=\"elementor-widget-container\">\n\t\t\t\t\t\t\t<p>RESPETO<\/p>\t\t\t\t\t\t<\/div>\n\t\t\t\t<\/div>\n\t\t\t\t<div class=\"elementor-element elementor-element-815e74d nmb elementor-widget elementor-widget-text-editor\" data-id=\"815e74d\" data-element_type=\"widget\" data-widget_type=\"text-editor.default\">\n\t\t\t\t<div class=\"elementor-widget-container\">\n\t\t\t\t\t\t\t<p>hacia los seres vivos y nuestro entorno.<\/p>\t\t\t\t\t\t<\/div>\n\t\t\t\t<\/div>\n\t\t\t\t\t<\/div>\n\t\t\t\t<\/div>\n\t\t<div class=\"elementor-element elementor-element-60337ea e-flex e-con-boxed e-con e-child\" data-id=\"60337ea\" data-element_type=\"container\">\n\t\t\t\t\t<div class=\"e-con-inner\">\n\t\t\t\t<div class=\"elementor-element elementor-element-ab28069 elementor-widget elementor-widget-text-editor\" data-id=\"ab28069\" data-element_type=\"widget\" data-widget_type=\"text-editor.default\">\n\t\t\t\t<div class=\"elementor-widget-container\">\n\t\t\t\t\t\t\t<p>COMPASI\u00d3N<\/p>\t\t\t\t\t\t<\/div>\n\t\t\t\t<\/div>\n\t\t\t\t<div class=\"elementor-element elementor-element-f019cc7 nmb elementor-widget elementor-widget-text-editor\" data-id=\"f019cc7\" data-element_type=\"widget\" data-widget_type=\"text-editor.default\">\n\t\t\t\t<div class=\"elementor-widget-container\">\n\t\t\t\t\t\t\t<p>nuestro motor para eliminar el sufrimiento.<\/p>\t\t\t\t\t\t<\/div>\n\t\t\t\t<\/div>\n\t\t\t\t\t<\/div>\n\t\t\t\t<\/div>\n\t\t<div class=\"elementor-element elementor-element-24ffa2f e-flex e-con-boxed e-con e-child\" data-id=\"24ffa2f\" data-element_type=\"container\">\n\t\t\t\t\t<div class=\"e-con-inner\">\n\t\t\t\t<div class=\"elementor-element elementor-element-dbe1d81 elementor-widget elementor-widget-text-editor\" data-id=\"dbe1d81\" data-element_type=\"widget\" data-widget_type=\"text-editor.default\">\n\t\t\t\t<div class=\"elementor-widget-container\">\n\t\t\t\t\t\t\t<p>TEMERIDAD<\/p>\t\t\t\t\t\t<\/div>\n\t\t\t\t<\/div>\n\t\t\t\t<div class=\"elementor-element elementor-element-6e883d8 nmb elementor-widget elementor-widget-text-editor\" data-id=\"6e883d8\" data-element_type=\"widget\" data-widget_type=\"text-editor.default\">\n\t\t\t\t<div class=\"elementor-widget-container\">\n\t\t\t\t\t\t\t<p>al enfrentar cualquier reto.<\/p>\t\t\t\t\t\t<\/div>\n\t\t\t\t<\/div>\n\t\t\t\t\t<\/div>\n\t\t\t\t<\/div>\n\t\t<div class=\"elementor-element elementor-element-dd37a71 e-flex e-con-boxed e-con e-child\" data-id=\"dd37a71\" data-element_type=\"container\">\n\t\t\t\t\t<div class=\"e-con-inner\">\n\t\t\t\t<div class=\"elementor-element elementor-element-7925619 elementor-widget elementor-widget-text-editor\" data-id=\"7925619\" data-element_type=\"widget\" data-widget_type=\"text-editor.default\">\n\t\t\t\t<div class=\"elementor-widget-container\">\n\t\t\t\t\t\t\t<p>RESILIEINCIA<\/p>\t\t\t\t\t\t<\/div>\n\t\t\t\t<\/div>\n\t\t\t\t<div class=\"elementor-element elementor-element-3f20453 nmb elementor-widget elementor-widget-text-editor\" data-id=\"3f20453\" data-element_type=\"widget\" data-widget_type=\"text-editor.default\">\n\t\t\t\t<div class=\"elementor-widget-container\">\n\t\t\t\t\t\t\tante la adversidad que nos impulsa, nos da fuerza.\t\t\t\t\t\t<\/div>\n\t\t\t\t<\/div>\n\t\t\t\t\t<\/div>\n\t\t\t\t<\/div>\n\t\t<div class=\"elementor-element elementor-element-a1d6d7c e-flex e-con-boxed e-con e-child\" data-id=\"a1d6d7c\" data-element_type=\"container\">\n\t\t\t\t\t<div class=\"e-con-inner\">\n\t\t\t\t<div class=\"elementor-element elementor-element-8cd42c2 elementor-widget__width-initial elementor-widget elementor-widget-image\" data-id=\"8cd42c2\" data-element_type=\"widget\" data-widget_type=\"image.default\">\n\t\t\t\t<div class=\"elementor-widget-container\">\n\t\t\t\t\t\t\t\t\t\t\t\t\t<img loading=\"lazy\" decoding=\"async\" width=\"512\" height=\"512\" src=\"https:\/\/lechenogracias.com\/liberum\/wp-content\/uploads\/2023\/12\/favicon.png\" class=\"attachment-large size-large wp-image-73\" alt=\"\" srcset=\"https:\/\/lechenogracias.com\/liberum\/wp-content\/uploads\/2023\/12\/favicon.png 512w, https:\/\/lechenogracias.com\/liberum\/wp-content\/uploads\/2023\/12\/favicon-300x300.png 300w, https:\/\/lechenogracias.com\/liberum\/wp-content\/uploads\/2023\/12\/favicon-150x150.png 150w\" sizes=\"(max-width: 512px) 100vw, 512px\" \/>\t\t\t\t\t\t\t\t\t\t\t\t\t<\/div>\n\t\t\t\t<\/div>\n\t\t\t\t\t<\/div>\n\t\t\t\t<\/div>\n\t\t<div class=\"elementor-element elementor-element-883bdb4 e-flex e-con-boxed e-con e-child\" data-id=\"883bdb4\" data-element_type=\"container\">\n\t\t\t\t\t<div class=\"e-con-inner\">\n\t\t\t\t<div class=\"elementor-element elementor-element-9372072 elementor-widget elementor-widget-text-editor\" data-id=\"9372072\" data-element_type=\"widget\" data-widget_type=\"text-editor.default\">\n\t\t\t\t<div class=\"elementor-widget-container\">\n\t\t\t\t\t\t\t<p>INNOVACI\u00d3N<\/p>\t\t\t\t\t\t<\/div>\n\t\t\t\t<\/div>\n\t\t\t\t<div class=\"elementor-element elementor-element-3f2e2c4 nmb elementor-widget elementor-widget-text-editor\" data-id=\"3f2e2c4\" data-element_type=\"widget\" data-widget_type=\"text-editor.default\">\n\t\t\t\t<div class=\"elementor-widget-container\">\n\t\t\t\t\t\t\testar siempre a la vanguardia.\t\t\t\t\t\t<\/div>\n\t\t\t\t<\/div>\n\t\t\t\t\t<\/div>\n\t\t\t\t<\/div>\n\t\t\t\t\t<\/div>\n\t\t\t\t<\/div>\n\t\t\t\t\t<\/div>\n\t\t\t\t<\/div>\n\t\t<div class=\"elementor-element elementor-element-684a090 e-flex e-con-boxed e-con e-parent\" data-id=\"684a090\" data-element_type=\"container\" data-settings=\"{&quot;background_background&quot;:&quot;classic&quot;}\" data-core-v316-plus=\"true\">\n\t\t\t\t\t<div class=\"e-con-inner\">\n\t\t\t\t\t<\/div>\n\t\t\t\t<\/div>\n\t\t\t\t<\/div>\n\t\t","protected":false},"excerpt":{"rendered":"<p>SOMOS LIBERUM Trabajamos para acabar con la explotaci\u00f3n animal a trav\u00e9s del cambio social y pol\u00edtico. Hacemos un debate p\u00fablico sobre la crueldad que esconde la industria l\u00e1ctea hacia los animales. Sensibilizamos a las generaciones futuras, para construir una cultura que reconozca los derechos de los animales. M\u00e9xico es un pa\u00eds lleno de color y [&hellip;]<\/p>\n","protected":false},"author":1,"featured_media":0,"parent":621,"menu_order":0,"comment_status":"closed","ping_status":"closed","template":"","meta":{"inline_featured_image":false,"footnotes":""},"class_list":["post-634","page","type-page","status-publish","hentry"],"_links":{"self":[{"href":"https:\/\/lechenogracias.com\/liberum\/wp-json\/wp\/v2\/pages\/634","targetHints":{"allow":["GET"]}}],"collection":[{"href":"https:\/\/lechenogracias.com\/liberum\/wp-json\/wp\/v2\/pages"}],"about":[{"href":"https:\/\/lechenogracias.com\/liberum\/wp-json\/wp\/v2\/types\/page"}],"author":[{"embeddable":true,"href":"https:\/\/lechenogracias.com\/liberum\/wp-json\/wp\/v2\/users\/1"}],"replies":[{"embeddable":true,"href":"https:\/\/lechenogracias.com\/liberum\/wp-json\/wp\/v2\/comments?post=634"}],"version-history":[{"count":8,"href":"https:\/\/lechenogracias.com\/liberum\/wp-json\/wp\/v2\/pages\/634\/revisions"}],"predecessor-version":[{"id":683,"href":"https:\/\/lechenogracias.com\/liberum\/wp-json\/wp\/v2\/pages\/634\/revisions\/683"}],"up":[{"embeddable":true,"href":"https:\/\/lechenogracias.com\/liberum\/wp-json\/wp\/v2\/pages\/621"}],"wp:attachment":[{"href":"https:\/\/lechenogracias.com\/liberum\/wp-json\/wp\/v2\/media?parent=634"}],"curies":[{"name":"wp","href":"https:\/\/api.w.org\/{rel}","templated":true}]}}